{"id":14,"date":"2014-06-12T08:24:14","date_gmt":"2014-06-12T08:24:14","guid":{"rendered":"http:\/\/www.wbv-langenwang.at\/neu\/?page_id=14"},"modified":"2026-03-13T14:16:02","modified_gmt":"2026-03-13T14:16:02","slug":"versicherung","status":"publish","type":"page","link":"https:\/\/www.wbv-langenwang.at\/?page_id=14","title":{"rendered":"Versicherung"},"content":{"rendered":"<p><span style=\"color: #ff0000;\"><strong>Der Wechselseitige Brandhilfeverein Langenwang (WBVL)<\/strong><\/span><br \/>\n<span style=\"color: #ff0000;\"> <strong> stellt eine Sonderform unter den Versicherungen dar.<\/strong><\/span><\/p>\n<p><span style=\"color: #000000;\">Aus der urspr\u00fcnglichen &#8222;tatkr\u00e4ftigen Nachbarschaftshilfe&#8220; ist ein <\/span><strong><span style=\"color: #008000;\">nicht auf Gewinn <\/span><\/strong><strong><span style=\"color: #008000;\">ausgerichteter Verein<\/span><\/strong> <span style=\"color: #000000;\">geworden,<br \/>\nder im Schadensfall <strong><span style=\"color: #ff0000;\">(Brand oder Blitzschlag)<\/span><\/strong> dem <\/span><span style=\"color: #000000;\">Betroffenen unb\u00fcrokratisch und schnell finanzielle Hilfe leistet.<\/span><\/p>\n<p><strong><span style=\"color: #008000;\">Wer seine Sachwerte<\/span> <\/strong><em><span style=\"color: #000000;\">(Wohngeb\u00e4ude mit Inventar, Wirtschaftsgeb\u00e4ude mit spezieller Einrichtung, Maschinen,<\/span><\/em><br \/>\n<em><span style=\"color: #000000;\"> Ger\u00e4te, Vorr\u00e4te, PV-Anlagen, etc.)<\/span><\/em> <strong><span style=\"color: #008000;\">oder aber auch seinen Viehbestand bei uns versichert, soll im Schadensfall<\/span><\/strong><br \/>\n<strong><span style=\"color: #008000;\"> seinen Haushalt oder seinen wirtschaftlichen Betrieb so rasch wie m\u00f6glich wieder weiterf\u00fchren k\u00f6nnen.<\/span><\/strong><\/p>\n<p><strong><span style=\"color: #000000;\">An die 1620 Mitglieder stehen durch 46 Vertrauenspersonen mit dem gesch\u00e4ftsf\u00fchrenden Vorstand f\u00fcr jegliche<br \/>\nBelange (Beitritt, Klassen- oder Daten\u00e4nderung, Schadensmeldungen, etc.) in direktem Kontakt.<br \/>\nJede Vertrauensperson betreut seine Mitglieder in einem bestimmten Gebiet, genannt Sprengel.<br \/>\n<\/span><\/strong><br \/>\n<strong><span style=\"color: #000000;\"> Die Gebietsbetreuung erstreckt sich \u00fcber den gesamten Bezirk Bruck-M\u00fcrzzuschlag,<br \/>\nsowie die Umgebung rund um St. Kathrein\/Hauenstein, <\/span><\/strong><strong><span style=\"color: #000000;\">Ratten und Rettenegg<br \/>\naus dem Bezirk Weiz und St. Jakob im Walde aus dem Bezirk Hartberg-F\u00fcrstenfeld.<\/span><\/strong><\/p>\n<p><span style=\"color: #ff0000;\"><strong>Den Mitgliedern werden grunds\u00e4tzlich keine j\u00e4hrlichen Pr\u00e4mien oder Mitgliedsbeitr\u00e4ge verrechnet.<\/strong><\/span><\/p>\n<p><strong><span style=\"color: #008000;\">Hervorzuheben ist, dass in unserem Verein von den Mitgliedern erst dann kassiert wird,<\/span><\/strong><br \/>\n<strong><span style=\"color: #008000;\"> wenn wieder Kapital f\u00fcr die in der Zwischenzeit angefallenen Sch\u00e4den ben\u00f6tigt wird<\/span><\/strong><br \/>\n<em><span style=\"color: #000000;\">(ein Tausendstel ihrer abgeschlossenen Versicherungssumme).<\/span><\/em><\/p>\n","protected":false},"excerpt":{"rendered":"<p class=\"lead\">Der Wechselseitige Brandhilfeverein Langenwang (WBVL) stellt eine Sonderform unter den Versicherungen dar. Aus der urspr\u00fcnglichen &#8222;tatkr\u00e4ftigen Nachbarschaftshilfe&#8220; ist ein nicht auf Gewinn ausgerichteter Verein geworden, der im Schadensfall (Brand oder Blitzschlag) dem Betroffenen unb\u00fcrokratisch und schnell finanzielle Hilfe leistet. Wer seine Sachwerte (Wohngeb\u00e4ude mit Inventar, Wirtschaftsgeb\u00e4ude mit spezieller Einrichtung, Maschinen, Ger\u00e4te, Vorr\u00e4te, PV-Anlagen, etc.) oder aber auch seinen Viehbestand bei&hellip;<\/p>\n<p class=\"more-link-p\"><a class=\"btn btn-danger\" href=\"https:\/\/www.wbv-langenwang.at\/?page_id=14\">Read more &rarr;<\/a><\/p>\n","protected":false},"author":1,"featured_media":0,"parent":0,"menu_order":18,"comment_status":"closed","ping_status":"closed","template":"","meta":{"footnotes":""},"class_list":["post-14","page","type-page","status-publish","hentry"],"_links":{"self":[{"href":"https:\/\/www.wbv-langenwang.at\/index.php?rest_route=\/wp\/v2\/pages\/14","targetHints":{"allow":["GET"]}}],"collection":[{"href":"https:\/\/www.wbv-langenwang.at\/index.php?rest_route=\/wp\/v2\/pages"}],"about":[{"href":"https:\/\/www.wbv-langenwang.at\/index.php?rest_route=\/wp\/v2\/types\/page"}],"author":[{"embeddable":true,"href":"https:\/\/www.wbv-langenwang.at\/index.php?rest_route=\/wp\/v2\/users\/1"}],"replies":[{"embeddable":true,"href":"https:\/\/www.wbv-langenwang.at\/index.php?rest_route=%2Fwp%2Fv2%2Fcomments&post=14"}],"version-history":[{"count":29,"href":"https:\/\/www.wbv-langenwang.at\/index.php?rest_route=\/wp\/v2\/pages\/14\/revisions"}],"predecessor-version":[{"id":2760,"href":"https:\/\/www.wbv-langenwang.at\/index.php?rest_route=\/wp\/v2\/pages\/14\/revisions\/2760"}],"wp:attachment":[{"href":"https:\/\/www.wbv-langenwang.at\/index.php?rest_route=%2Fwp%2Fv2%2Fmedia&parent=14"}],"curies":[{"name":"wp","href":"https:\/\/api.w.org\/{rel}","templated":true}]}}