{"id":20,"date":"2014-06-12T08:24:40","date_gmt":"2014-06-12T08:24:40","guid":{"rendered":"http:\/\/www.wbv-langenwang.at\/neu\/?page_id=20"},"modified":"2025-04-29T15:42:23","modified_gmt":"2025-04-29T15:42:23","slug":"wer-sind-wir","status":"publish","type":"page","link":"https:\/\/www.wbv-langenwang.at\/?page_id=20","title":{"rendered":"Wer sind wir?"},"content":{"rendered":"\n<p><strong><span style=\"color: #000000;\">Der Wechselseitige Brandhilfeverein Langenwang besteht aus<\/span><\/strong><\/p>\n\n\n\n<ul class=\"wp-block-list\">\n<li><strong><span style=\"color: #000000;\">Vorstandsmitgliedern<\/span><\/strong><\/li>\n\n\n\n<li><strong><span style=\"color: #000000;\">Ehrenmitgliedern und<\/span><\/strong><\/li>\n\n\n\n<li><strong><span style=\"color: #000000;\">ca. 1700 ordentlichen Mitgliedern,<\/span><\/strong><\/li>\n<\/ul>\n\n\n\n<p><strong><span style=\"color: #000000;\">die durch 46 Vertrauenspersonen in direktem Kontakt stehen.<\/span><\/strong><\/p>\n\n\n\n<p><strong><span style=\"color: #000000;\">Jede Vertrauensperson betreut seine Mitglieder in einem bestimmten Gebiet, genannt Sprengel.<\/span><\/strong><\/p>\n\n\n\n<p><strong><span style=\"color: #000000;\"><a href=\"https:\/\/www.wbv-langenwang.at\/?page_id=56\" class=\"su-button su-button-style-default\" style=\"color:#FFFFFF;background-color:#bec3c8;border-color:#989ca0;border-radius:7px\" target=\"_self\"><span style=\"color:#FFFFFF;padding:0px 20px;font-size:16px;line-height:32px;border-color:#d2d5d9;border-radius:7px;text-shadow:none\"> Vertrauenspersonen suchen <\/span><\/a><\/span><\/strong><\/p>\n\n\n\n<p><strong><span style=\"color: #000000;\">Alle Mitglieder haben sich durch ihren Beitritt die gegenseitige Unterst\u00fctzung zugesagt. Der Wert ihrer durch Feuer oder Blitzschlag besch\u00e4digten Sachwerte, aber auch der Viehbestand soll so schnell wie m\u00f6glich ersetzt und so ein Weiterf\u00fchren des Haushalts und\/oder des wirtschaftlichen Betriebes erm\u00f6glicht werden.<\/span><\/strong><\/p>\n\n\n\n<h3 class=\"wp-block-heading\"><span style=\"color: #008000;\"><strong>Vorstand des&nbsp;Wechselseitigen Brandhilfevereins&nbsp;<\/strong><\/span><\/h3>\n\n\n<div id=\"col3_content_wrapper\" class=\"floatbox\">\n<p>&nbsp;<\/p>\n<div class=\"blog\">\n<div class=\"leading\" style=\"color: #444444;\">\n<div>\u00a0<\/div>\n<figure><a href=\"https:\/\/www.wbv-langenwang.at\/neu\/wp-content\/uploads\/2015\/02\/IMG_7754.jpg\"><img loading=\"lazy\" decoding=\"async\" class=\"alignleft wp-image-422 size-full\" src=\"https:\/\/www.wbv-langenwang.at\/neu\/wp-content\/uploads\/2015\/02\/IMG_7754.jpg\" alt=\"IMG_7754\" width=\"98\" height=\"131\" \/><\/a><\/figure>\n<p><strong><span style=\"color: #000000;\">Obmann<\/span><br \/><\/strong><span style=\"color: #000000;\">Karl WEISSENBACHER, Mag. med. vet.<\/span><br \/><span style=\"color: #000000;\"> 8665 Langenwang, Stra\u00df\u00e4ckergasse 21b<\/span><\/p>\n<p><span style=\"color: #000000;\">Mobil: 0676 48 95 000<\/span><br \/><span style=\"color: #000000;\"> E-Mail: office@pfoetchenwelt.com<\/span><\/p>\n<\/div>\n<div class=\"leading\" style=\"color: #444444;\">\n<div>\u00a0<\/div>\n<figure><img loading=\"lazy\" decoding=\"async\" class=\"wp-image-1312  alignleft\" src=\"https:\/\/www.wbv-langenwang.at\/neu\/wp-content\/uploads\/2020\/03\/IMG_2578-200x300.jpg\" alt=\"\" width=\"102\" height=\"153\" \/><span style=\"color: #000000;\"><strong>Obmann-Stellvertreter <\/strong><strong>und Vertrauensmann f\u00fcr St. Kathrein am Hauenstein<\/strong><\/span><br \/><span style=\"color: #000000;\"> Armin BAUMGARTNER<\/span><br \/><span style=\"color: #000000;\"> 8672 St. Kathrein\/Hauenstein, Obere Zeil 31<\/span><br \/><span style=\"color: #000000;\"> Mobil: 0664 45 28 402<\/span><br \/><span style=\"color: #000000;\"> E-Mail: kathrein.31@gmail.com<\/span><br \/><span style=\"color: #000000;\"><span style=\"color: #000000;\"> Sprengel 07<\/span><\/span><\/figure>\n<p>&nbsp;<\/p>\n<\/div>\n<div class=\"leading\" style=\"color: #444444; text-align: left;\">\n<figure><a href=\"https:\/\/www.wbv-langenwang.at\/neu\/wp-content\/uploads\/2015\/02\/IMG_7764.jpg\"><img loading=\"lazy\" decoding=\"async\" class=\"wp-image-424  alignleft\" src=\"https:\/\/www.wbv-langenwang.at\/neu\/wp-content\/uploads\/2015\/02\/IMG_7764.jpg\" alt=\"IMG_7764\" width=\"111\" height=\"148\" \/><\/a><strong><span style=\"color: #000000;\">Kassier und Vertrauensmann f\u00fcr Langenwang (Feistritzberg)<\/span><\/strong><br \/><span style=\"color: #000000;\"> Robert STRITZL, DI<\/span><br \/><span style=\"color: #000000;\"> 8665 Langenwang, Feistritzberg 43<\/span><br \/><span style=\"color: #000000;\"> Mobil: 0676 679 42 19<\/span><br \/><span style=\"color: #000000;\"><span style=\"color: #000000;\"> Sprengel 17<\/span><\/span><\/figure>\n<p>&nbsp;<\/p>\n<\/div>\n<\/div>\n<\/div>\n<div>\u00a0<\/div>\n<div id=\"col3_content_wrapper\" class=\"floatbox\">\n<div class=\"blog\">\n<div>\u00a0<\/div>\n<div class=\"leading\" style=\"color: #444444;\">\n<p><span style=\"color: #000000;\"><strong><img loading=\"lazy\" decoding=\"async\" class=\"wp-image-1924 alignleft\" src=\"https:\/\/www.wbv-langenwang.at\/neu\/wp-content\/uploads\/2023\/01\/Ulrike-Paar-227x300.jpg\" alt=\"\" width=\"107\" height=\"141\" srcset=\"https:\/\/www.wbv-langenwang.at\/neu\/wp-content\/uploads\/2023\/01\/Ulrike-Paar-227x300.jpg 227w, https:\/\/www.wbv-langenwang.at\/neu\/wp-content\/uploads\/2023\/01\/Ulrike-Paar.jpg 363w\" sizes=\"auto, (max-width: 107px) 100vw, 107px\" \/>Gesch\u00e4ftsf\u00fchrerin<\/strong><\/span><br \/><span style=\"color: #000000;\"> Ulrike PAAR<\/span><br \/><span style=\"color: #000000;\"> 8665 Langenwang, Schw\u00f6bing 15<\/span><br \/><span style=\"color: #000000;\"> Mobil: 0676 90 32 324<\/span><br \/><span style=\"color: #000000;\"> E-Mail: info@wbv-langenwang.at<\/span><br \/><span style=\"color: #000000;\"> Sprengel 49<\/span><\/p>\n<p>&nbsp;<\/p>\n<\/div>\n<\/div>\n<\/div>\n<div style=\"clear: both;\">\u00a0<\/div>\n<h3><span style=\"color: #008000; text-align: left;\"><strong>und hier der erweiterte VORSTAND:<\/strong><\/span><\/h3>\n<div id=\"col3_content_wrapper\" class=\"floatbox\">\n<p><a id=\"content\" style=\"color: #4d87c7;\" name=\"content\"><\/a><\/p>\n<div class=\"blog\">\n<div class=\"leading\" style=\"color: #444444;\">\n<div>\u00a0<\/div>\n<figure><img loading=\"lazy\" decoding=\"async\" class=\"wp-image-1561  alignleft\" src=\"https:\/\/www.wbv-langenwang.at\/neu\/wp-content\/uploads\/2022\/06\/Foto_Steer-236x300.jpg\" alt=\"\" width=\"101\" height=\"128\" srcset=\"https:\/\/www.wbv-langenwang.at\/neu\/wp-content\/uploads\/2022\/06\/Foto_Steer-236x300.jpg 236w, https:\/\/www.wbv-langenwang.at\/neu\/wp-content\/uploads\/2022\/06\/Foto_Steer-768x976.jpg 768w, https:\/\/www.wbv-langenwang.at\/neu\/wp-content\/uploads\/2022\/06\/Foto_Steer.jpg 779w\" sizes=\"auto, (max-width: 101px) 100vw, 101px\" \/><\/figure>\n<p><strong>Beir\u00e4tin <br \/><\/strong><span style=\"color: #000000;\">Eva Maria Steer<\/span><br \/><span style=\"color: #000000;\"> 8611 St. Katharein\/Laming, Rastal 12<br \/><\/span><span style=\"color: #000000;\"> Mobil: 0664 523 19 54 <\/span><\/p>\n<p>&nbsp;<\/p>\n<\/div>\n<div class=\"leading\" style=\"color: #444444;\">\n<div>\u00a0<\/div>\n<figure><a href=\"https:\/\/www.wbv-langenwang.at\/neu\/wp-content\/uploads\/2015\/02\/IMG_7673.jpg\"><img loading=\"lazy\" decoding=\"async\" class=\"wp-image-398  alignleft\" src=\"https:\/\/www.wbv-langenwang.at\/neu\/wp-content\/uploads\/2015\/02\/IMG_7673.jpg\" alt=\"\" width=\"101\" height=\"135\" \/><\/a><span style=\"color: #000000;\"><strong>Beirat und <strong>Vertrauensmann f\u00fcr Stanz im M\u00fcrztal<br \/>(Fochnitz, Possegg, Unteralm, Sonnberg)<\/strong><br style=\"font-weight: normal;\" \/><span style=\"font-weight: normal;\">Christian RAITH<\/span><br style=\"font-weight: normal;\" \/><span style=\"font-weight: normal;\">8670 Krieglach, G\u00f6lkweg 25<\/span><br style=\"font-weight: normal;\" \/><span style=\"font-weight: normal;\"><span style=\"font-weight: normal;\">Mobil: 0676 695 08 77<\/span><br style=\"font-weight: normal;\" \/><span style=\"font-weight: normal;\">Sprengel 29<\/span><\/span><\/strong><\/span><\/figure>\n<p>&nbsp;<\/p>\n<\/div>\n<div class=\"leading\" style=\"color: #444444;\">\n<div>\u00a0<\/div>\n<figure><a href=\"https:\/\/www.wbv-langenwang.at\/neu\/wp-content\/uploads\/2014\/06\/kamsker.jpg\"><img loading=\"lazy\" decoding=\"async\" class=\"alignleft wp-image-794 size-full\" src=\"https:\/\/www.wbv-langenwang.at\/neu\/wp-content\/uploads\/2014\/06\/kamsker.jpg\" alt=\"kamsker\" width=\"98\" height=\"113\" \/><\/a><span style=\"color: #000000;\"><strong>Beirat und Vertrauensmann f\u00fcr St. Barbara im M\u00fcrztal (Wartberg)<\/strong><\/span><br \/><span style=\"color: #000000;\"> Hubert KAMSKER<\/span><br style=\"color: #333333;\" \/><span style=\"color: #000000;\">8661 St. Barbara im M\u00fcrztal, Aichberg 3<\/span><br \/><span style=\"color: #000000;\"> Telefon: 03858 35 34<\/span><br \/><span style=\"color: #000000;\"> Mobil: 0664 477 93 68<\/span><br \/><span style=\"color: #000000;\"> Sprengel 26<\/span><\/figure>\n<\/div>\n<div class=\"leading\" style=\"color: #444444;\">\n<div>\u00a0<\/div>\n<figure><a href=\"https:\/\/www.wbv-langenwang.at\/neu\/wp-content\/uploads\/2015\/02\/IMG_7725.jpg\"><img loading=\"lazy\" decoding=\"async\" class=\"alignleft wp-image-413 size-full\" src=\"https:\/\/www.wbv-langenwang.at\/neu\/wp-content\/uploads\/2015\/02\/IMG_7725.jpg\" alt=\"\" width=\"98\" height=\"131\" \/><\/a><span style=\"color: #000000;\"><strong>Beirat und Vertrauensmann f\u00fcr St. Jakob im Walde<\/strong><\/span><br \/><span style=\"color: #000000;\"> Franz K\u00d6NIGSHOFER, vlg. H\u00f6fler<\/span><br \/><span style=\"color: #000000;\"> 8255 St. Jakob im Walde, Steinh\u00f6f 12<\/span><br \/><span style=\"color: #000000;\"> Telefon: 03336 82 48<\/span><br \/><span style=\"color: #000000;\"> Mobil: 0664 343 70 56<\/span><br \/><span style=\"color: #000000;\"> Sprengel 10<\/span><\/figure>\n<\/div>\n<div class=\"leading\" style=\"color: #444444;\">\n<div>\u00a0<\/div>\n<figure><a href=\"https:\/\/www.wbv-langenwang.at\/neu\/wp-content\/uploads\/2015\/02\/IMG_7688.jpg\"><img loading=\"lazy\" decoding=\"async\" class=\"alignleft wp-image-403 size-full\" src=\"https:\/\/www.wbv-langenwang.at\/neu\/wp-content\/uploads\/2015\/02\/IMG_7688.jpg\" alt=\"\" width=\"98\" height=\"131\" \/><\/a><span style=\"color: #000000;\"><strong>Beirat und Vertrauensmann f\u00fcr Kapellen an der M\u00fcrz<\/strong><\/span><br \/><span style=\"color: #000000;\"> Martin LEITNER, vlg. Niadl<\/span><br \/><span style=\"color: #000000;\"> 8691 Neuberg\/M\u00fcrz, Kohlbachgraben 3<\/span><br \/><span style=\"color: #000000;\"> Telefon: 03857 25 19<\/span><br \/><span style=\"color: #000000;\"> Mobil: 0680 239 07 74<\/span><br \/><span style=\"color: #000000;\"> Sprengel 3<\/span><\/figure>\n<\/div>\n<div class=\"leading\" style=\"color: #444444;\">\n<div>\u00a0<\/div>\n<figure><img loading=\"lazy\" decoding=\"async\" class=\"wp-image-402 size-full alignleft\" src=\"https:\/\/www.wbv-langenwang.at\/neu\/wp-content\/uploads\/2015\/02\/IMG_7686.jpg\" alt=\"\" width=\"98\" height=\"131\" \/><\/figure>\n<figure><span style=\"color: #000000;\"><strong>Beirat\u00a0<strong>und Vertrauensmann f\u00fcr Krieglach (Alpl, Markt, Schw\u00f6bing)<\/strong><br style=\"font-weight: normal;\" \/><span style=\"font-weight: normal;\">Christoph EBNER, vlg. Stefflbauer,<\/span><br style=\"font-weight: normal;\" \/><span style=\"font-weight: normal;\">8670 Krieglach, Alplstra\u00dfe 58,<\/span><br style=\"font-weight: normal;\" \/><span style=\"font-weight: normal;\">Mobil: 0676 746 27 40<\/span><br style=\"font-weight: normal;\" \/><span style=\"font-weight: normal;\">Sprengel 19<\/span><\/strong><\/span><\/figure>\n<p>&nbsp;<\/p>\n<\/div>\n<div class=\"leading\" style=\"color: #444444;\">\n<div>\u00a0<\/div>\n<figure><img loading=\"lazy\" decoding=\"async\" class=\"wp-image-1332  alignleft\" src=\"https:\/\/www.wbv-langenwang.at\/neu\/wp-content\/uploads\/2020\/03\/IMG_2579-200x300.jpg\" alt=\"\" width=\"95\" height=\"143\" srcset=\"https:\/\/www.wbv-langenwang.at\/neu\/wp-content\/uploads\/2020\/03\/IMG_2579-200x300.jpg 200w, https:\/\/www.wbv-langenwang.at\/neu\/wp-content\/uploads\/2020\/03\/IMG_2579-768x1152.jpg 768w, https:\/\/www.wbv-langenwang.at\/neu\/wp-content\/uploads\/2020\/03\/IMG_2579-683x1024.jpg 683w\" sizes=\"auto, (max-width: 95px) 100vw, 95px\" \/><span style=\"color: #000000;\"><strong>Beir\u00e4tin und Vertrauensfrau f\u00fcr Neuberg<\/strong><\/span><br \/><span style=\"color: #000000;\"> Tanja MOSER<\/span><br \/><span style=\"color: #000000;\"> 8692 Neuberg, Arzbach 1<\/span><br \/><span style=\"color: #000000;\"> Mobil: 0650 200 12 83<\/span><br \/><span style=\"color: #000000;\"> Sprengel 01<\/span><\/figure>\n<p>&nbsp;<\/p>\n<\/div>\n<\/div>\n<\/div>","protected":false},"excerpt":{"rendered":"<p class=\"lead\">Der Wechselseitige Brandhilfeverein Langenwang besteht aus die durch 46 Vertrauenspersonen in direktem Kontakt stehen. Jede Vertrauensperson betreut seine Mitglieder in einem bestimmten Gebiet, genannt Sprengel. Alle Mitglieder haben sich durch ihren Beitritt die gegenseitige Unterst\u00fctzung zugesagt. Der Wert ihrer durch Feuer oder Blitzschlag besch\u00e4digten Sachwerte, aber auch der Viehbestand soll so schnell wie m\u00f6glich ersetzt und so ein Weiterf\u00fchren des&hellip;<\/p>\n<p class=\"more-link-p\"><a class=\"btn btn-danger\" href=\"https:\/\/www.wbv-langenwang.at\/?page_id=20\">Read more &rarr;<\/a><\/p>\n","protected":false},"author":1,"featured_media":0,"parent":0,"menu_order":15,"comment_status":"closed","ping_status":"closed","template":"","meta":{"footnotes":""},"class_list":["post-20","page","type-page","status-publish","hentry"],"_links":{"self":[{"href":"https:\/\/www.wbv-langenwang.at\/index.php?rest_route=\/wp\/v2\/pages\/20","targetHints":{"allow":["GET"]}}],"collection":[{"href":"https:\/\/www.wbv-langenwang.at\/index.php?rest_route=\/wp\/v2\/pages"}],"about":[{"href":"https:\/\/www.wbv-langenwang.at\/index.php?rest_route=\/wp\/v2\/types\/page"}],"author":[{"embeddable":true,"href":"https:\/\/www.wbv-langenwang.at\/index.php?rest_route=\/wp\/v2\/users\/1"}],"replies":[{"embeddable":true,"href":"https:\/\/www.wbv-langenwang.at\/index.php?rest_route=%2Fwp%2Fv2%2Fcomments&post=20"}],"version-history":[{"count":183,"href":"https:\/\/www.wbv-langenwang.at\/index.php?rest_route=\/wp\/v2\/pages\/20\/revisions"}],"predecessor-version":[{"id":2559,"href":"https:\/\/www.wbv-langenwang.at\/index.php?rest_route=\/wp\/v2\/pages\/20\/revisions\/2559"}],"wp:attachment":[{"href":"https:\/\/www.wbv-langenwang.at\/index.php?rest_route=%2Fwp%2Fv2%2Fmedia&parent=20"}],"curies":[{"name":"wp","href":"https:\/\/api.w.org\/{rel}","templated":true}]}}