{"id":77,"date":"2015-02-11T10:34:27","date_gmt":"2015-02-11T10:34:27","guid":{"rendered":"http:\/\/www.wbv-langenwang.at\/neu\/?page_id=77"},"modified":"2017-06-06T19:55:14","modified_gmt":"2017-06-06T19:55:14","slug":"impressum","status":"publish","type":"page","link":"https:\/\/www.wbv-langenwang.at\/?page_id=77","title":{"rendered":"Impressum"},"content":{"rendered":"<p>Verantwortlich f\u00fcr den Inhalt der Website<br \/>\nWechselseitiger Brandhilfeverein Langenwang<br \/>\nA-8665 Langenwang, Stra\u00df\u00e4ckergasse 21 b<br \/>\nTelefon: +43 (0)676 489 50 00<br \/>\nE-mail: info@wbv-langenwang.at | Internet-Adresse: www.wbv-langenwang.at<\/p>\n<p>ZVR-Zahl: 831953276<\/p>\n<p>&nbsp;<\/p>\n<p><a href=\"https:\/\/www.wbv-langenwang.at\/neu\/wp-content\/uploads\/2017\/06\/wbvlangenwang_statuten.pdf\">\u00bb Statuten des WBV Langenwang im PDF-Format<\/a><\/p>\n<p>&nbsp;<\/p>\n<p><a href=\"https:\/\/www.wbv-langenwang.at\/neu\/wp-content\/uploads\/2017\/06\/Gesch%C3%A4ftsordnung-Fassung-2017-03-12.pdf\">\u00bb Gesch\u00e4ftsordnung des WBV Langenwang im PDF-Format<\/a><\/p>\n<p>&nbsp;<\/p>\n<p><strong>Urheberrecht und Gew\u00e4hrleistung<\/strong><br \/>\nAlle Angaben auf der Website wurden von dem Verantwortlichen nach bestem Wissen erstellt und sorgf\u00e4ltig \u00fcberpr\u00fcft. Dennoch sind inhaltliche Fehler nicht vollst\u00e4ndig auszuschliessen. Deshalb werden alle Angaben ohne jegliche Gew\u00e4hr seitens des Herausgebers gemacht.<br \/>\nEs kann keinerlei Haftung oder Verantwortung f\u00fcr inhaltliche Fehler, Satzfehler, Auslassungen, Preisangaben usw. \u00fcbernommen werden. Alle Rechte bleiben vorbehalten. Alle Angebote sind freibleibend und unverbindlich.<br \/>\nDer Autor beh\u00e4lt sich ausdr\u00fccklich vor, Teile der Seiten oder das gesamte Angebot ohne gesonderte Ank\u00fcndigung zu ver\u00e4ndern, zu erg\u00e4nzen, zu l\u00f6schen oder die Ver\u00f6ffentlichung zeitweise einzustellen.<\/p>\n<p>&nbsp;<\/p>\n<p><strong>Hinweis zu Verlinkungen<br \/>\n<\/strong>Der WBV Langenwang m\u00f6chte ausdr\u00fccklich betonen, dass er keinerlei Einfluss auf Gestaltung und Inhalte der gelinkten Seiten hat. Diese Erkl\u00e4rung gilt f\u00fcr alle auf dieser Website angebrachten Links!<br \/>\nDie Aktualisierung der Daten in Verlinkungen sind nicht vom WBV Langenwang abh\u00e4ngig!<\/p>\n","protected":false},"excerpt":{"rendered":"<p class=\"lead\">Verantwortlich f\u00fcr den Inhalt der Website Wechselseitiger Brandhilfeverein Langenwang A-8665 Langenwang, Stra\u00df\u00e4ckergasse 21 b Telefon: +43 (0)676 489 50 00 E-mail: info@wbv-langenwang.at | Internet-Adresse: www.wbv-langenwang.at ZVR-Zahl: 831953276 &nbsp; \u00bb Statuten des WBV Langenwang im PDF-Format &nbsp; \u00bb Gesch\u00e4ftsordnung des WBV Langenwang im PDF-Format &nbsp; Urheberrecht und Gew\u00e4hrleistung Alle Angaben auf der Website wurden von dem Verantwortlichen nach bestem Wissen erstellt&hellip;<\/p>\n<p class=\"more-link-p\"><a class=\"btn btn-danger\" href=\"https:\/\/www.wbv-langenwang.at\/?page_id=77\">Read more &rarr;<\/a><\/p>\n","protected":false},"author":1,"featured_media":0,"parent":0,"menu_order":14,"comment_status":"closed","ping_status":"closed","template":"","meta":{"footnotes":""},"class_list":["post-77","page","type-page","status-publish","hentry"],"_links":{"self":[{"href":"https:\/\/www.wbv-langenwang.at\/index.php?rest_route=\/wp\/v2\/pages\/77","targetHints":{"allow":["GET"]}}],"collection":[{"href":"https:\/\/www.wbv-langenwang.at\/index.php?rest_route=\/wp\/v2\/pages"}],"about":[{"href":"https:\/\/www.wbv-langenwang.at\/index.php?rest_route=\/wp\/v2\/types\/page"}],"author":[{"embeddable":true,"href":"https:\/\/www.wbv-langenwang.at\/index.php?rest_route=\/wp\/v2\/users\/1"}],"replies":[{"embeddable":true,"href":"https:\/\/www.wbv-langenwang.at\/index.php?rest_route=%2Fwp%2Fv2%2Fcomments&post=77"}],"version-history":[{"count":13,"href":"https:\/\/www.wbv-langenwang.at\/index.php?rest_route=\/wp\/v2\/pages\/77\/revisions"}],"predecessor-version":[{"id":1004,"href":"https:\/\/www.wbv-langenwang.at\/index.php?rest_route=\/wp\/v2\/pages\/77\/revisions\/1004"}],"wp:attachment":[{"href":"https:\/\/www.wbv-langenwang.at\/index.php?rest_route=%2Fwp%2Fv2%2Fmedia&parent=77"}],"curies":[{"name":"wp","href":"https:\/\/api.w.org\/{rel}","templated":true}]}}