{"id":8,"date":"2014-06-12T08:23:42","date_gmt":"2014-06-12T08:23:42","guid":{"rendered":"http:\/\/www.wbv-langenwang.at\/neu\/?page_id=8"},"modified":"2025-03-17T15:25:08","modified_gmt":"2025-03-17T15:25:08","slug":"brandverhuttung","status":"publish","type":"page","link":"https:\/\/www.wbv-langenwang.at\/?page_id=8","title":{"rendered":"Brandverh\u00fctung"},"content":{"rendered":"<p>&nbsp;<\/p>\n<h1 style=\"font-weight: bold; color: #666666; text-align: center;\"><span style=\"color: #ff0000;\">&#8222;Vorbeugender Brandschutz sch\u00fctzt<br \/>\nIhr wertvolles Eigentum und rettet Menschenleben.&#8220;<\/span><\/h1>\n<p>&nbsp;<\/p>\n<p style=\"color: #444444;\"><span style=\"color: #000000;\"><strong>Unachtsamkeit<\/strong><\/span><br \/>\n<span style=\"color: #000000;\"> Unachtsamkeit und mangelnde Kenntnisse der Brandgefahren sind die Ursache vieler Br\u00e4nde.<\/span><\/p>\n<p><span style=\"color: #000000;\"><strong>Ordnung und Sauberkeit<\/strong><\/span><br \/>\n<span style=\"color: #000000;\"> Besonders in Garagen sowie in Arbeits-, Werk- und Hobbyr\u00e4umen, sind Ordnung und Sauberkeit eine grundlegende Voraussetzung f\u00fcr die Brandsicherheit. Brennbare Abf\u00e4lle, Staub, versch\u00fcttete oder in offenen Gef\u00e4\u00dfen aufbewahrte brennbare Fl\u00fcssigkeiten (Reinigungs- und L\u00f6sungsmittel) f\u00fchren h\u00e4ufig zu einer erheblichen Brandgefahr.<\/span><\/p>\n<p><span style=\"color: #000000;\"><strong>Umgang mit Feuer und offenem Licht<\/strong><\/span><br \/>\n<span style=\"color: #000000;\"> Der Umgang mit Feuer und offenem Licht erfordert immer besondere Vorsicht!<br \/>\nKein Kerzenlicht in Dachb\u00f6den, Scheunen, Abstellr\u00e4umen und Kellern, wenn notwendig Taschenlampe verwenden.<\/span><\/p>\n<p><span style=\"color: #000000;\"><strong>Streichh\u00f6lzer und Feuerzeuge<\/strong><\/span><br \/>\n<span style=\"color: #000000;\"> Streichh\u00f6lzer und Feuerzeuge geh\u00f6ren nicht in Kinderhand und d\u00fcrfen daher f\u00fcr Kinder nicht erreichbar sein.<br \/>\nEltern und Aufsichtspersonen haften f\u00fcr ihre Kinder!<\/span><\/p>\n<p><span style=\"color: #000000;\"><strong>Gas- und Fl\u00fcssiggasanlagen<\/strong><\/span><br \/>\n<span style=\"color: #000000;\"> Gas- und Fl\u00fcssiggasanlagen und die dazugeh\u00f6rigen Leitungen d\u00fcrfen nur von sachkundigen Betrieben installiert werden.<\/span><\/p>\n<p><span style=\"color: #000000;\"><strong>Fl\u00fcssiggasbeh\u00e4lter<\/strong><\/span><br \/>\n<span style=\"color: #000000;\"> Fl\u00fcssiggas ist schwerer als Luft!<br \/>\nFl\u00fcssiggasbeh\u00e4lter d\u00fcrfen daher nie in Kellerr\u00e4umen, aber auch nicht in Treppenh\u00e4usern, Durchg\u00e4ngen und Nebenausg\u00e4ngen aufgestellt werden.<br \/>\nFl\u00fcssiggasbeh\u00e4lter sind vor W\u00e4rmeeinwirkung (Sonnenbestrahlung, Ofen, etc.) zu sch\u00fctzen.<\/span><\/p>\n<p><span style=\"color: #000000;\"><strong>Anschluss von Gasflaschen<\/strong><\/span><br \/>\n<span style=\"color: #000000;\"> Gasflaschen m\u00fcssen immer absolut dicht angeschlossen werden.<br \/>\nNach jedem Wechsel ist eine Dichtheitsprobe mittels Pr\u00fcfspray oder Seifenwasser, keinesfalls aber durch &#8222;Ableuchten&#8220; mit offener Flamme, durchzuf\u00fchren.<\/span><\/p>\n<p><span style=\"color: #000000;\"><strong>Elektroger\u00e4te<\/strong><\/span><br \/>\n<span style=\"color: #000000;\"> Nur Ger\u00e4te mit g\u00fcltigen Pr\u00fcfzeichen verwenden und nur vom Fachmann reparieren lassen.<\/span><br \/>\n<span style=\"color: #000000;\"> Die Verwendung von W\u00e4rmeger\u00e4ten mit offenen Heizspiralen ist grunds\u00e4tzlich verboten.<\/span><\/p>\n<p><span style=\"color: #000000;\"><strong>Sicherungen<\/strong><\/span><br \/>\n<span style=\"color: #000000;\"> Keinesfalls &#8222;geflickte&#8220; (\u00fcberbr\u00fcckte) Sicherungen verwenden, da diese nicht den erforderlichen <\/span><span style=\"color: #000000;\">Schutz gew\u00e4hrleisten.<br \/>\nF\u00fcr einen ausreichenden Vorrat an Reservesicherungen sorgen. <\/span><span style=\"color: #000000;\">Besser ist die Verwendung von Sicherungsautomaten.<\/span><\/p>\n<p><span style=\"color: #000000;\"><strong>Verl\u00e4ngerungskabel<\/strong><\/span><br \/>\n<span style=\"color: #000000;\"> Verl\u00e4ngerungskabel m\u00fcssen W\u00e4rme an die Umgebung abgeben k\u00f6nnen.<br \/>\nWerden sie unter Teppichen verlegt oder bleiben sie w\u00e4hrend der Arbeit auf einer Kabeltrommel aufgespult, kann es zu einem W\u00e4rmestau<br \/>\nund damit zum Brand kommen. Besch\u00e4digte Verl\u00e4ngerungskabel nicht weiter verwenden.<br \/>\nVerl\u00e4ngerungskabel m\u00fcssen f\u00fcr ihren Verwendungszweck zugelassen sein.<\/span><\/p>\n<p><span style=\"color: #000000;\"><strong>Steckdosen<\/strong><\/span><br \/>\n<span style=\"color: #000000;\"> Stecker m\u00fcssen fest in die Steckdose eingesteckt sein. Stecker und Steckdosen sind f\u00fcr eine bestimmte Maximalbelastung ausgelegt.<br \/>\nDamit es zu keiner \u00dcberhitzung kommt \u00dcberlastung vermeiden.<br \/>\nWird eine Erw\u00e4rmung oder Verf\u00e4rbung an einem Stecker oder einer Steckdose festgestellt unbedingt durch einen Fachmann \u00fcberpr\u00fcfen lassen.<br \/>\nDie Verwendung von Mehrfachsteckdosen ist nur f\u00fcr den Anschluss von Kleinger\u00e4ten (Radio, Fernseher, Videorecorder etc.) zul\u00e4ssig.<\/span><\/p>\n<p><span style=\"color: #000000;\"><strong>Abschalten von Elektroger\u00e4ten<\/strong><\/span><br \/>\n<span style=\"color: #000000;\"> Elektroger\u00e4te k\u00f6nnen bei Auftreten eines Defektes unter Umst\u00e4nden zu einem Brand f\u00fchren.<br \/>\nSchalten Sie beim Verlassen der Wohnung oder des Arbeitsplatzes Ger\u00e4te, die nur unter Aufsicht betrieben werden d\u00fcrfen, aus.<\/span><\/p>\n","protected":false},"excerpt":{"rendered":"<p class=\"lead\">&nbsp; &#8222;Vorbeugender Brandschutz sch\u00fctzt Ihr wertvolles Eigentum und rettet Menschenleben.&#8220; &nbsp; Unachtsamkeit Unachtsamkeit und mangelnde Kenntnisse der Brandgefahren sind die Ursache vieler Br\u00e4nde. Ordnung und Sauberkeit Besonders in Garagen sowie in Arbeits-, Werk- und Hobbyr\u00e4umen, sind Ordnung und Sauberkeit eine grundlegende Voraussetzung f\u00fcr die Brandsicherheit. Brennbare Abf\u00e4lle, Staub, versch\u00fcttete oder in offenen Gef\u00e4\u00dfen aufbewahrte brennbare Fl\u00fcssigkeiten (Reinigungs- und L\u00f6sungsmittel) f\u00fchren&hellip;<\/p>\n<p class=\"more-link-p\"><a class=\"btn btn-danger\" href=\"https:\/\/www.wbv-langenwang.at\/?page_id=8\">Read more &rarr;<\/a><\/p>\n","protected":false},"author":1,"featured_media":0,"parent":0,"menu_order":20,"comment_status":"closed","ping_status":"closed","template":"","meta":{"footnotes":""},"class_list":["post-8","page","type-page","status-publish","hentry"],"_links":{"self":[{"href":"https:\/\/www.wbv-langenwang.at\/index.php?rest_route=\/wp\/v2\/pages\/8","targetHints":{"allow":["GET"]}}],"collection":[{"href":"https:\/\/www.wbv-langenwang.at\/index.php?rest_route=\/wp\/v2\/pages"}],"about":[{"href":"https:\/\/www.wbv-langenwang.at\/index.php?rest_route=\/wp\/v2\/types\/page"}],"author":[{"embeddable":true,"href":"https:\/\/www.wbv-langenwang.at\/index.php?rest_route=\/wp\/v2\/users\/1"}],"replies":[{"embeddable":true,"href":"https:\/\/www.wbv-langenwang.at\/index.php?rest_route=%2Fwp%2Fv2%2Fcomments&post=8"}],"version-history":[{"count":23,"href":"https:\/\/www.wbv-langenwang.at\/index.php?rest_route=\/wp\/v2\/pages\/8\/revisions"}],"predecessor-version":[{"id":2523,"href":"https:\/\/www.wbv-langenwang.at\/index.php?rest_route=\/wp\/v2\/pages\/8\/revisions\/2523"}],"wp:attachment":[{"href":"https:\/\/www.wbv-langenwang.at\/index.php?rest_route=%2Fwp%2Fv2%2Fmedia&parent=8"}],"curies":[{"name":"wp","href":"https:\/\/api.w.org\/{rel}","templated":true}]}}