{"id":84,"date":"2015-02-11T10:49:11","date_gmt":"2015-02-11T10:49:11","guid":{"rendered":"http:\/\/www.wbv-langenwang.at\/neu\/?page_id=84"},"modified":"2026-02-23T06:36:29","modified_gmt":"2026-02-23T06:36:29","slug":"formulare","status":"publish","type":"page","link":"https:\/\/www.wbv-langenwang.at\/?page_id=84","title":{"rendered":"Login"},"content":{"rendered":"<p>Dieser Bereich ist passwortgesch\u00fctzt und nur f\u00fcr den Vorstand<br \/>und die Vertrauenspersonen des Vereines zug\u00e4nglich.<\/p>\n<ul>\n<li>Archiv\n<ul>\n<li><a href=\"https:\/\/www.wbv-langenwang.at\/?page_id=2701\" target=\"_blank\" rel=\"noopener noreferrer\">2026<\/a><\/li>\n<li><a href=\"https:\/\/www.wbv-langenwang.at\/?page_id=2383\" target=\"_blank\" rel=\"noopener noreferrer\">2025<\/a><\/li>\n<li><a href=\"https:\/\/www.wbv-langenwang.at\/?page_id=2342\" target=\"_blank\" rel=\"noopener noreferrer\">2024<\/a><\/li>\n<li><a href=\"https:\/\/www.wbv-langenwang.at\/?page_id=1963\" target=\"_blank\" rel=\"noopener noreferrer\">2023<\/a><\/li>\n<li><a href=\"https:\/\/www.wbv-langenwang.at\/?page_id=1581\">2022<\/a><\/li>\n<li><a href=\"https:\/\/www.wbv-langenwang.at\/?page_id=1579\">2021<\/a><\/li>\n<li><a href=\"https:\/\/www.wbv-langenwang.at\/?page_id=1572\">2020<\/a><\/li>\n<li><a href=\"https:\/\/www.wbv-langenwang.at\/?page_id=1569\">2019<\/a><\/li>\n<li><a href=\"https:\/\/www.wbv-langenwang.at\/?page_id=1718\">2018<\/a><\/li>\n<li><a href=\"https:\/\/www.wbv-langenwang.at\/?page_id=1736\">2017<\/a><\/li>\n<\/ul>\n<\/li>\n<li><a href=\"https:\/\/www.wbv-langenwang.at\/?page_id=1015\">Aktuelles<\/a><\/li>\n<li><a href=\"https:\/\/www.wbv-langenwang.at\/?page_id=87\">Formulare<\/a><\/li>\n<li><a href=\"https:\/\/www.wbv-langenwang.at\/?page_id=1081\">Kassierungen<\/a><\/li>\n<li><a href=\"https:\/\/www.wbv-langenwang.at\/?page_id=1483\">Protokolle<\/a><\/li>\n<\/ul>\n\n\n<p><\/p>\n","protected":false},"excerpt":{"rendered":"<p class=\"lead\">Dieser Bereich ist passwortgesch\u00fctzt und nur f\u00fcr den Vorstandund die Vertrauenspersonen des Vereines zug\u00e4nglich. Archiv 2026 2025 2024 2023 2022 2021 2020 2019 2018 2017 Aktuelles Formulare Kassierungen Protokolle<\/p>\n<p class=\"more-link-p\"><a class=\"btn btn-danger\" href=\"https:\/\/www.wbv-langenwang.at\/?page_id=84\">Read more &rarr;<\/a><\/p>\n","protected":false},"author":1,"featured_media":0,"parent":0,"menu_order":13,"comment_status":"closed","ping_status":"closed","template":"","meta":{"footnotes":""},"class_list":["post-84","page","type-page","status-publish","hentry"],"_links":{"self":[{"href":"https:\/\/www.wbv-langenwang.at\/index.php?rest_route=\/wp\/v2\/pages\/84","targetHints":{"allow":["GET"]}}],"collection":[{"href":"https:\/\/www.wbv-langenwang.at\/index.php?rest_route=\/wp\/v2\/pages"}],"about":[{"href":"https:\/\/www.wbv-langenwang.at\/index.php?rest_route=\/wp\/v2\/types\/page"}],"author":[{"embeddable":true,"href":"https:\/\/www.wbv-langenwang.at\/index.php?rest_route=\/wp\/v2\/users\/1"}],"replies":[{"embeddable":true,"href":"https:\/\/www.wbv-langenwang.at\/index.php?rest_route=%2Fwp%2Fv2%2Fcomments&post=84"}],"version-history":[{"count":42,"href":"https:\/\/www.wbv-langenwang.at\/index.php?rest_route=\/wp\/v2\/pages\/84\/revisions"}],"predecessor-version":[{"id":2737,"href":"https:\/\/www.wbv-langenwang.at\/index.php?rest_route=\/wp\/v2\/pages\/84\/revisions\/2737"}],"wp:attachment":[{"href":"https:\/\/www.wbv-langenwang.at\/index.php?rest_route=%2Fwp%2Fv2%2Fmedia&parent=84"}],"curies":[{"name":"wp","href":"https:\/\/api.w.org\/{rel}","templated":true}]}}